{"id":123,"date":"2025-04-28T15:55:41","date_gmt":"2025-04-28T13:55:41","guid":{"rendered":"https:\/\/sunalizo.fr\/?page_id=123"},"modified":"2025-05-11T20:35:56","modified_gmt":"2025-05-11T18:35:56","slug":"accueil","status":"publish","type":"page","link":"https:\/\/sunalizo.fr\/","title":{"rendered":""},"content":{"rendered":"\n<p><\/p>\n\n\n\n<div class=\"wp-block-query is-layout-flow wp-block-query-is-layout-flow\"><ul class=\"wp-block-post-template is-layout-flow wp-block-post-template-is-layout-flow\"><li class=\"wp-block-post post-205 post type-post status-publish format-standard has-post-thumbnail hentry category-predications-meditations\">\n\n<div class=\"wp-block-columns alignwide is-layout-flex wp-container-core-columns-is-layout-9d6595d7 wp-block-columns-is-layout-flex\">\n<div class=\"wp-block-column is-layout-flow wp-block-column-is-layout-flow\" style=\"flex-basis:66.66%\"><figure class=\"aligncenter wp-block-post-featured-image\"><a href=\"https:\/\/sunalizo.fr\/?p=205\" target=\"_self\"  ><img loading=\"lazy\" decoding=\"async\" width=\"1030\" height=\"662\" src=\"https:\/\/sunalizo.fr\/wp-content\/uploads\/2025\/05\/Capture-decran-2025-05-11-a-20.30.48.png\" class=\"attachment-post-thumbnail size-post-thumbnail wp-post-image\" alt=\"Diseurs de Dieu\" style=\"object-fit:cover;\" srcset=\"https:\/\/sunalizo.fr\/wp-content\/uploads\/2025\/05\/Capture-decran-2025-05-11-a-20.30.48.png 1030w, https:\/\/sunalizo.fr\/wp-content\/uploads\/2025\/05\/Capture-decran-2025-05-11-a-20.30.48-300x193.png 300w, https:\/\/sunalizo.fr\/wp-content\/uploads\/2025\/05\/Capture-decran-2025-05-11-a-20.30.48-1024x658.png 1024w, https:\/\/sunalizo.fr\/wp-content\/uploads\/2025\/05\/Capture-decran-2025-05-11-a-20.30.48-768x494.png 768w\" sizes=\"auto, (max-width: 1030px) 100vw, 1030px\" \/><\/a><\/figure><\/div>\n\n\n\n<div class=\"wp-block-column is-layout-flow wp-block-column-is-layout-flow\" style=\"flex-basis:33.33%\"><h2 class=\"wp-block-post-title\"><a href=\"https:\/\/sunalizo.fr\/?p=205\" target=\"_self\" >Diseurs de Dieu<\/a><\/h2>\n\n<div class=\"wp-block-post-excerpt\"><p class=\"wp-block-post-excerpt__excerpt\">Le bon pasteur avec autour de lui ses brebis qui \u00e9coutent sa voix\u2026 Quelle belle image idyllique et un tant soit peu bucolique qui va \u00eatre d\u00e9crite aujourd\u2019hui dans bon nombre d\u2019endroits \u2026 Pour autant, nous ne nous imaginons peut-\u00eatre pas, \u00e0 quel point, les quelques mots de J\u00e9sus que nous venons d\u2019entendre sont d\u00e9rangeants pour ne pas dire \u00ab explosifs \u00bb <\/p><\/div>\n\n<style>.wp-block-kadence-advancedbtn.kb-btns123_cc4e0c-51{gap:var(--global-kb-gap-xs, 0.5rem );justify-content:center;align-items:center;}.kt-btns123_cc4e0c-51 .kt-button{font-weight:normal;font-style:normal;}.kt-btns123_cc4e0c-51 .kt-btn-wrap-0{margin-right:5px;}.wp-block-kadence-advancedbtn.kt-btns123_cc4e0c-51 .kt-btn-wrap-0 .kt-button{color:#555555;border-color:#555555;}.wp-block-kadence-advancedbtn.kt-btns123_cc4e0c-51 .kt-btn-wrap-0 .kt-button:hover, .wp-block-kadence-advancedbtn.kt-btns123_cc4e0c-51 .kt-btn-wrap-0 .kt-button:focus{color:#ffffff;border-color:#444444;}.wp-block-kadence-advancedbtn.kt-btns123_cc4e0c-51 .kt-btn-wrap-0 .kt-button::before{display:none;}.wp-block-kadence-advancedbtn.kt-btns123_cc4e0c-51 .kt-btn-wrap-0 .kt-button:hover, .wp-block-kadence-advancedbtn.kt-btns123_cc4e0c-51 .kt-btn-wrap-0 .kt-button:focus{background:#444444;}<\/style>\n<div class=\"wp-block-kadence-advancedbtn kb-buttons-wrap kb-btns123_cc4e0c-51\"><style>ul.menu .wp-block-kadence-advancedbtn .kb-btn123_abe58f-28.kb-button{width:initial;}.wp-block-kadence-advancedbtn .kb-btn123_abe58f-28.kb-button{color:var(--global-palette3, #1A202C);background:var(--global-palette9, #ffffff);font-size:var(--global-kb-font-size-md, 1.25rem);letter-spacing:-0.1px;font-family:var( --global-body-font-family, inherit );font-weight:700;padding-bottom:0px;margin-top:var(--global-kb-spacing-xl, 4rem);margin-right:var(--global-kb-spacing-lg, 3rem);}<\/style><a class=\"kb-button kt-button button kb-btn123_abe58f-28 kt-btn-size-small kt-btn-width-type-auto kb-btn-global-fill  kt-btn-has-text-true kt-btn-has-svg-false  wp-block-kadence-singlebtn\" href=\"https:\/\/sunalizo.fr\/?p=205\"><span class=\"kt-btn-inner-text\">Lire la suite<\/span><\/a><\/div>\n<\/div>\n<\/div>\n\n<\/li><\/ul><\/div>\n\n\n<style>.kb-posts-id-123_a7574b-36 .entry.loop-entry .entry-header .entry-title{font-size:var(--global-kb-font-size-md, 1.25rem);}.kb-posts-id-123_a7574b-36 .kb-post-list-item{display:grid;}<\/style><ul class=\"wp-block-kadence-posts kb-posts kadence-posts-list kb-posts-id-123_a7574b-36 content-wrap grid-cols kb-posts-style-boxed grid-sm-col-1 grid-lg-col-3 item-image-style-above\"><li class=\"kb-post-list-item\">\n\t<article class=\"entry content-bg loop-entry post-196 post type-post status-publish format-standard has-post-thumbnail hentry category-actualite-discernement-chretien\">\n\t\t\t\t<a aria-hidden=\"true\" tabindex=\"-1\" role=\"presentation\" class=\"post-thumbnail kadence-thumbnail-ratio-1-2\" href=\"https:\/\/sunalizo.fr\/?p=196\" aria-label=\"La Parole au prix du sang\">\n\t\t\t<div class=\"post-thumbnail-inner\">\n\t\t\t\t<img loading=\"lazy\" decoding=\"async\" width=\"768\" height=\"404\" src=\"https:\/\/sunalizo.fr\/wp-content\/uploads\/2025\/05\/gaza-ruines2-768x404.png\" class=\"attachment-medium_large size-medium_large wp-post-image\" alt=\"La Parole au prix du sang\" srcset=\"https:\/\/sunalizo.fr\/wp-content\/uploads\/2025\/05\/gaza-ruines2-768x404.png 768w, https:\/\/sunalizo.fr\/wp-content\/uploads\/2025\/05\/gaza-ruines2-300x158.png 300w, https:\/\/sunalizo.fr\/wp-content\/uploads\/2025\/05\/gaza-ruines2-1024x539.png 1024w, https:\/\/sunalizo.fr\/wp-content\/uploads\/2025\/05\/gaza-ruines2-1536x809.png 1536w, https:\/\/sunalizo.fr\/wp-content\/uploads\/2025\/05\/gaza-ruines2.png 1656w\" sizes=\"auto, (max-width: 768px) 100vw, 768px\" \/>\t\t\t<\/div>\n\t\t<\/a><!-- .post-thumbnail -->\n\t\t\t\t<div class=\"entry-content-wrap\">\n\t\t\t<header class=\"entry-header\">\n\t\t<div class=\"entry-taxonomies\">\n\t\t<span class=\"category-links term-links category-style-normal\">\n\t\t\t<a href=\"https:\/\/sunalizo.fr\/?cat=16\" class=\"category-link-actualite-discernement-chretien\" rel=\"tag\">Actualit\u00e9 &amp; Discernement chr\u00e9tien<\/a>\t\t<\/span>\n\t<\/div><!-- .entry-taxonomies -->\n\t<h5 class=\"entry-title\"><a href=\"https:\/\/sunalizo.fr\/?p=196\" rel=\"bookmark\">La Parole au prix du sang<\/a><\/h5><\/header><!-- .entry-header -->\n<footer class=\"entry-footer\">\n\t\t\t<div class=\"entry-actions\">\n\t\t\t<p class=\"more-link-wrap\">\n\t\t\t\t<a href=\"https:\/\/sunalizo.fr\/?p=196\" class=\"post-more-link\">\n\t\t\t\t\tLire la suite<span class=\"screen-reader-text\"> La Parole au prix du sang<\/span><span class=\"kadence-svg-iconset svg-baseline\"><svg aria-hidden=\"true\" class=\"kadence-svg-icon kadence-arrow-right-alt-svg\" fill=\"currentColor\" version=\"1.1\" xmlns=\"http:\/\/www.w3.org\/2000\/svg\" width=\"27\" height=\"28\" viewBox=\"0 0 27 28\"><title>Continuer<\/title><path d=\"M27 13.953c0 0.141-0.063 0.281-0.156 0.375l-6 5.531c-0.156 0.141-0.359 0.172-0.547 0.094-0.172-0.078-0.297-0.25-0.297-0.453v-3.5h-19.5c-0.281 0-0.5-0.219-0.5-0.5v-3c0-0.281 0.219-0.5 0.5-0.5h19.5v-3.5c0-0.203 0.109-0.375 0.297-0.453s0.391-0.047 0.547 0.078l6 5.469c0.094 0.094 0.156 0.219 0.156 0.359v0z\"><\/path>\n\t\t\t<\/svg><\/span>\t\t\t\t<\/a>\n\t\t\t<\/p>\n\t\t<\/div><!-- .entry-actions -->\n\t\t<\/footer><!-- .entry-footer -->\t\t<\/div>\n\t<\/article>\n<\/li>\n<li class=\"kb-post-list-item\">\n\t<article class=\"entry content-bg loop-entry post-164 post type-post status-publish format-standard has-post-thumbnail hentry category-actualite-discernement-chretien\">\n\t\t\t\t<a aria-hidden=\"true\" tabindex=\"-1\" role=\"presentation\" class=\"post-thumbnail kadence-thumbnail-ratio-1-2\" href=\"https:\/\/sunalizo.fr\/?p=164\" aria-label=\"La Terre profan\u00e9e\">\n\t\t\t<div class=\"post-thumbnail-inner\">\n\t\t\t\t<img loading=\"lazy\" decoding=\"async\" width=\"768\" height=\"448\" src=\"https:\/\/sunalizo.fr\/wp-content\/uploads\/2025\/05\/gaza-ruin2-768x448.jpg\" class=\"attachment-medium_large size-medium_large wp-post-image\" alt=\"La Terre profan\u00e9e\" srcset=\"https:\/\/sunalizo.fr\/wp-content\/uploads\/2025\/05\/gaza-ruin2-768x448.jpg 768w, https:\/\/sunalizo.fr\/wp-content\/uploads\/2025\/05\/gaza-ruin2-300x175.jpg 300w, https:\/\/sunalizo.fr\/wp-content\/uploads\/2025\/05\/gaza-ruin2-1024x598.jpg 1024w, https:\/\/sunalizo.fr\/wp-content\/uploads\/2025\/05\/gaza-ruin2.jpg 1206w\" sizes=\"auto, (max-width: 768px) 100vw, 768px\" \/>\t\t\t<\/div>\n\t\t<\/a><!-- .post-thumbnail -->\n\t\t\t\t<div class=\"entry-content-wrap\">\n\t\t\t<header class=\"entry-header\">\n\t\t<div class=\"entry-taxonomies\">\n\t\t<span class=\"category-links term-links category-style-normal\">\n\t\t\t<a href=\"https:\/\/sunalizo.fr\/?cat=16\" class=\"category-link-actualite-discernement-chretien\" rel=\"tag\">Actualit\u00e9 &amp; Discernement chr\u00e9tien<\/a>\t\t<\/span>\n\t<\/div><!-- .entry-taxonomies -->\n\t<h5 class=\"entry-title\"><a href=\"https:\/\/sunalizo.fr\/?p=164\" rel=\"bookmark\">La Terre profan\u00e9e<\/a><\/h5><\/header><!-- .entry-header -->\n<footer class=\"entry-footer\">\n\t\t\t<div class=\"entry-actions\">\n\t\t\t<p class=\"more-link-wrap\">\n\t\t\t\t<a href=\"https:\/\/sunalizo.fr\/?p=164\" class=\"post-more-link\">\n\t\t\t\t\tLire la suite<span class=\"screen-reader-text\"> La Terre profan\u00e9e<\/span><span class=\"kadence-svg-iconset svg-baseline\"><svg aria-hidden=\"true\" class=\"kadence-svg-icon kadence-arrow-right-alt-svg\" fill=\"currentColor\" version=\"1.1\" xmlns=\"http:\/\/www.w3.org\/2000\/svg\" width=\"27\" height=\"28\" viewBox=\"0 0 27 28\"><title>Continuer<\/title><path d=\"M27 13.953c0 0.141-0.063 0.281-0.156 0.375l-6 5.531c-0.156 0.141-0.359 0.172-0.547 0.094-0.172-0.078-0.297-0.25-0.297-0.453v-3.5h-19.5c-0.281 0-0.5-0.219-0.5-0.5v-3c0-0.281 0.219-0.5 0.5-0.5h19.5v-3.5c0-0.203 0.109-0.375 0.297-0.453s0.391-0.047 0.547 0.078l6 5.469c0.094 0.094 0.156 0.219 0.156 0.359v0z\"><\/path>\n\t\t\t<\/svg><\/span>\t\t\t\t<\/a>\n\t\t\t<\/p>\n\t\t<\/div><!-- .entry-actions -->\n\t\t<\/footer><!-- .entry-footer -->\t\t<\/div>\n\t<\/article>\n<\/li>\n<li class=\"kb-post-list-item\">\n\t<article class=\"entry content-bg loop-entry post-131 post type-post status-publish format-standard has-post-thumbnail hentry category-predications-meditations\">\n\t\t\t\t<a aria-hidden=\"true\" tabindex=\"-1\" role=\"presentation\" class=\"post-thumbnail kadence-thumbnail-ratio-1-2\" href=\"https:\/\/sunalizo.fr\/?p=131\" aria-label=\"Douter de bonne foi !\">\n\t\t\t<div class=\"post-thumbnail-inner\">\n\t\t\t\t<img loading=\"lazy\" decoding=\"async\" width=\"768\" height=\"403\" src=\"https:\/\/sunalizo.fr\/wp-content\/uploads\/2025\/04\/Capture-decran-2025-04-28-a-15.31.09-768x403.png\" class=\"attachment-medium_large size-medium_large wp-post-image\" alt=\"Douter de bonne foi !\" srcset=\"https:\/\/sunalizo.fr\/wp-content\/uploads\/2025\/04\/Capture-decran-2025-04-28-a-15.31.09-768x403.png 768w, https:\/\/sunalizo.fr\/wp-content\/uploads\/2025\/04\/Capture-decran-2025-04-28-a-15.31.09-300x157.png 300w, https:\/\/sunalizo.fr\/wp-content\/uploads\/2025\/04\/Capture-decran-2025-04-28-a-15.31.09-1024x537.png 1024w, https:\/\/sunalizo.fr\/wp-content\/uploads\/2025\/04\/Capture-decran-2025-04-28-a-15.31.09.png 1034w\" sizes=\"auto, (max-width: 768px) 100vw, 768px\" \/>\t\t\t<\/div>\n\t\t<\/a><!-- .post-thumbnail -->\n\t\t\t\t<div class=\"entry-content-wrap\">\n\t\t\t<header class=\"entry-header\">\n\t\t<div class=\"entry-taxonomies\">\n\t\t<span class=\"category-links term-links category-style-normal\">\n\t\t\t<a href=\"https:\/\/sunalizo.fr\/?cat=15\" class=\"category-link-predications-meditations\" rel=\"tag\">Pr\u00e9dications &amp; M\u00e9ditations<\/a>\t\t<\/span>\n\t<\/div><!-- .entry-taxonomies -->\n\t<h5 class=\"entry-title\"><a href=\"https:\/\/sunalizo.fr\/?p=131\" rel=\"bookmark\">Douter de bonne foi !<\/a><\/h5><\/header><!-- .entry-header -->\n<footer class=\"entry-footer\">\n\t\t\t<div class=\"entry-actions\">\n\t\t\t<p class=\"more-link-wrap\">\n\t\t\t\t<a href=\"https:\/\/sunalizo.fr\/?p=131\" class=\"post-more-link\">\n\t\t\t\t\tLire la suite<span class=\"screen-reader-text\"> Douter de bonne foi !<\/span><span class=\"kadence-svg-iconset svg-baseline\"><svg aria-hidden=\"true\" class=\"kadence-svg-icon kadence-arrow-right-alt-svg\" fill=\"currentColor\" version=\"1.1\" xmlns=\"http:\/\/www.w3.org\/2000\/svg\" width=\"27\" height=\"28\" viewBox=\"0 0 27 28\"><title>Continuer<\/title><path d=\"M27 13.953c0 0.141-0.063 0.281-0.156 0.375l-6 5.531c-0.156 0.141-0.359 0.172-0.547 0.094-0.172-0.078-0.297-0.25-0.297-0.453v-3.5h-19.5c-0.281 0-0.5-0.219-0.5-0.5v-3c0-0.281 0.219-0.5 0.5-0.5h19.5v-3.5c0-0.203 0.109-0.375 0.297-0.453s0.391-0.047 0.547 0.078l6 5.469c0.094 0.094 0.156 0.219 0.156 0.359v0z\"><\/path>\n\t\t\t<\/svg><\/span>\t\t\t\t<\/a>\n\t\t\t<\/p>\n\t\t<\/div><!-- .entry-actions -->\n\t\t<\/footer><!-- .entry-footer -->\t\t<\/div>\n\t<\/article>\n<\/li>\n<\/ul>","protected":false},"excerpt":{"rendered":"","protected":false},"author":1,"featured_media":0,"parent":0,"menu_order":0,"comment_status":"closed","ping_status":"closed","template":"","meta":{"_kadence_starter_templates_imported_post":false,"_kad_post_transparent":"","_kad_post_title":"","_kad_post_layout":"","_kad_post_sidebar_id":"","_kad_post_content_style":"","_kad_post_vertical_padding":"","_kad_post_feature":"","_kad_post_feature_position":"","_kad_post_header":false,"_kad_post_footer":false,"footnotes":""},"class_list":["post-123","page","type-page","status-publish","hentry"],"_links":{"self":[{"href":"https:\/\/sunalizo.fr\/index.php?rest_route=\/wp\/v2\/pages\/123","targetHints":{"allow":["GET"]}}],"collection":[{"href":"https:\/\/sunalizo.fr\/index.php?rest_route=\/wp\/v2\/pages"}],"about":[{"href":"https:\/\/sunalizo.fr\/index.php?rest_route=\/wp\/v2\/types\/page"}],"author":[{"embeddable":true,"href":"https:\/\/sunalizo.fr\/index.php?rest_route=\/wp\/v2\/users\/1"}],"replies":[{"embeddable":true,"href":"https:\/\/sunalizo.fr\/index.php?rest_route=%2Fwp%2Fv2%2Fcomments&post=123"}],"version-history":[{"count":21,"href":"https:\/\/sunalizo.fr\/index.php?rest_route=\/wp\/v2\/pages\/123\/revisions"}],"predecessor-version":[{"id":208,"href":"https:\/\/sunalizo.fr\/index.php?rest_route=\/wp\/v2\/pages\/123\/revisions\/208"}],"wp:attachment":[{"href":"https:\/\/sunalizo.fr\/index.php?rest_route=%2Fwp%2Fv2%2Fmedia&parent=123"}],"curies":[{"name":"wp","href":"https:\/\/api.w.org\/{rel}","templated":true}]}}