{"id":10,"date":"2025-04-09T22:49:50","date_gmt":"2025-04-09T20:49:50","guid":{"rendered":"https:\/\/sunalizo.fr\/?page_id=10"},"modified":"2025-04-27T19:42:50","modified_gmt":"2025-04-27T17:42:50","slug":"a-propos-de","status":"publish","type":"page","link":"https:\/\/sunalizo.fr\/?page_id=10","title":{"rendered":"\u00c0 propos de"},"content":{"rendered":"\n<p><strong>Sunalizo<\/strong> vient d\u2019un mot rare du Nouveau Testament (Actes 1:4), <strong>\u03c3\u03c5\u03bd\u03b1\u03bb\u03af\u03b6\u03c9 (sunal\u00edz\u014d)<\/strong>, qui signifie <strong>\u00ab\u00a0\u00eatre ensemble dans le sel\u00a0\u00bb<\/strong>, <strong>\u00ab\u00a0partager le sel en commun\u00a0\u00bb<\/strong>.<\/p>\n\n\n\n<p>Dans les \u00c9critures, le sel n\u2019est jamais seulement un go\u00fbt :<br>il est <strong>l\u2019alliance<\/strong>, <strong>la v\u00e9rit\u00e9 partag\u00e9e<\/strong>, <strong>la fid\u00e9lit\u00e9<\/strong> et <strong>le feu vivant<\/strong> qui conserve la parole de Dieu \u00e0 travers les \u00e2ges.<\/p>\n\n\n\n<p><br>(&#8230;) <em>\u00ab\u00a0<\/em> <em>Vous \u00eates le sel de la terre et la lumi\u00e8re du monde \u00bb.<\/em><br>cette exhortation vient imm\u00e9diatement apr\u00e8s le r\u00e9cit des B\u00e9atitudes, ce qui signifie que ceux qui font des B\u00e9atitudes le programme ou la charte de leur vie, sont appel\u00e9s \u00e0 une responsabilit\u00e9 r\u00e9elle et pr\u00e9sente, c&rsquo;est-\u00e0-dire qu&rsquo;ils n&rsquo;ont pas \u00e0 devenir sel de la terre et lumi\u00e8re du monde, mais ils doivent \u00eatre ici et maintenant pour d&rsquo;autres qui n&rsquo;ont pas un tel programme&#8230;.<\/p>\n\n\n\n<p><br>N&rsquo;oublions jamais que cet enseignement, que nous appelons le Sermon sur la Montagne, commence par le levain de l&rsquo;\u00c9vangile, les B\u00e9atitudes&#8230; Et que ce levain est l\u00e0 pour nous apprendre qu&rsquo;il y a un temps pour recevoir et un temps pour donner. Le ferment fait lever la p\u00e2te dans un feu de fermentation&#8230; c&rsquo;est la premi\u00e8re transformation, celle du feu int\u00e9rieur. Ensuite, cette p\u00e2te lev\u00e9e sera retransform\u00e9e en pain par le feu du four, le feu de friction pourrait-on dire, c&rsquo;est-\u00e0-dire par le feu ext\u00e9rieur&#8230;<br>Tout se r\u00e9sume donc \u00e0 une histoire de feu et de feu qui doit prendre&#8230;<\/p>\n\n\n\n<p><br><em>\u00ab\u00a0Vous \u00eates le sel de la terre.<\/em><br>La vie peut et doit \u00eatre savoureuse. Une pinc\u00e9e de sel dans la soupe ne suffit donc pas&#8230; La terre, dans ses profondeurs, peut \u00eatre savoureuse si, comme celle de la Palestine d&rsquo;autrefois, nous savons la cultiver, la rendre fertile&#8230; En Galil\u00e9e, comme dans tout le Proche-Orient, au temps de J\u00e9sus, on prenait le sel et on l&rsquo;enfouissait dans les profondeurs de la terre, avec la paille, avec le chaume apr\u00e8s la moisson ou avec la liti\u00e8re des animaux. De cette fa\u00e7on, la paille ne se dess\u00e9chait pas, mais devenait du fumier et de l&rsquo;engrais, fertilisant le sol. Avec l&rsquo;action du sel, elle rendait la terre fertile&#8230; Le feu fermenteur qui transforme&#8230;.. \u00ab Vous \u00eates le sel de la terre \u00ab &#8230; \u201c Le sel de la terre Le \u201d sel de la terre \u00bb dont parle J\u00e9sus, c&rsquo;est celui qui se dissout dans la terre et qui apporte alors aux yeux de l&rsquo;agriculteur l&rsquo;esp\u00e9rance des r\u00e9coltes futures. Le \u00ab sel de la terre \u00bb dont parle J\u00e9sus, c&rsquo;est celui qui aiguise le go\u00fbt de la vie gr\u00e2ce au feu int\u00e9rieur&#8230;<br>En Galil\u00e9e, il y a tr\u00e8s peu de bois&#8230; et \u00e0 l&rsquo;\u00e9poque de J\u00e9sus, dans les villages, le combustible le plus courant pour cuisiner \u00e9tait souvent la bouse des ruminants&#8230; Mais cela br\u00fble mal. C&rsquo;est pourquoi le rituel de l&rsquo;holocauste explique que les victimes doivent \u00eatre \u00ab sal\u00e9es \u00bb pour le feu (Ez. 43,24. Lev. 2,13). Ce n&rsquo;est pas pour le go\u00fbt, mais pour que cela br\u00fble avec moins de bois. C&rsquo;est ce que nous dit Marc lorsqu&rsquo;il explique que \u00ab <em>chacun doit \u00eatre comme du sel pour le feu<\/em> \u00bb. (Marc 9, 49). \u00catre le feu ext\u00e9rieur&#8230; Lorsque ces plaques de sel perdent leurs propri\u00e9t\u00e9s apr\u00e8s avoir br\u00fbl\u00e9 et deviennent inefficaces, elles sont alors jet\u00e9es dehors avec les cendres et les passants marchent dessus en les pi\u00e9tinant&#8230;<br><em>\u00ab\u00a0Vous \u00eates le sel de la terre.<\/em><br>Comme le sel qui doit conserver son pouvoir catalytique pour que la paille fermente et devienne engrais, comme le sel qui doit conserver son pouvoir catalytique pour que le feu br\u00fble bien, nous, disciples de J\u00e9sus, devons conserver nos qualit\u00e9s tout en \u00e9tant dans la masse. Mais nous savons que lorsque nous sommes perdus dans la terre, nous pouvons finir par perdre pied, d&rsquo;autant plus lorsque nous r\u00e9alisons que les autres, ceux qui ne sont pas chr\u00e9tiens, nous ressemblent profond\u00e9ment. Nous avons tous les m\u00eames limites, les m\u00eames angoisses, le m\u00eame d\u00e9sir de paix, la m\u00eame soif d&rsquo;amour, les m\u00eames impasses. Humains parmi les humains, nous r\u00e9alisons que nous n&rsquo;avons rien de plus que les autres, ni rien de moins. De plus, nous constatons chaque jour que certaines personnes ont d\u00e9cid\u00e9 d&rsquo;abandonner le nom de J\u00e9sus pour se rapprocher de ce qu&rsquo;elles croient \u00eatre la v\u00e9rit\u00e9, c&rsquo;est-\u00e0-dire pour se conformer simplement \u00e0 une certaine forme de bien-pensance contemporaine&#8230;..&nbsp;<\/p>\n\n\n\n<p>Mais si notre foi, si la foi chr\u00e9tienne s&rsquo;estompe et se dilue dans l&rsquo;esprit du si\u00e8cle pr\u00e9sent au point de n&rsquo;\u00eatre plus qu&rsquo;un \u00e9l\u00e9ment respectable, pourquoi pas indispensable, mais du m\u00eame ordre que les autres \u00e9l\u00e9ments de la culture contemporaine, ce n&rsquo;est pas la foi au Christ qui est en cause. La foi au Christ ne peut \u00eatre alt\u00e9r\u00e9e. La foi au Christ incarne une exigence qui ne peut \u00eatre d\u00e9natur\u00e9e. Et si tel est le cas &#8211; les al\u00e9as de l&rsquo;expression, la perte de son pouvoir catalytique &#8211; alors la question que J\u00e9sus nous pose prend tout son sens :&nbsp; <em>\u00bb Si le sel se d\u00e9nature, comment peut-il redevenir sel ?<\/em> <em>Il n&rsquo;est plus bon \u00e0 rien : on le jette et on le foule aux pieds \u00bb.<\/em> Si le sel est d\u00e9natur\u00e9, si le chr\u00e9tien perd son pouvoir de catalyseur pour \u00eatre comme tout le monde, alors le nom de chr\u00e9tien n&rsquo;est effectivement plus bon \u00e0 rien.&nbsp;<\/p>\n\n\n\n<p>Nous pourrions tout aussi bien le jeter et le pi\u00e9tiner&#8230;<\/p>\n\n\n\n<p><strong>Nous sommes ceux qui choisissent de partager ce sel.<\/strong><br>Pas pour construire des empires, ni pour \u00e9lever des tr\u00f4nes,<br>mais pour \u00eatre une simple <strong>table vivante<\/strong>,<br>o\u00f9 la parole de v\u00e9rit\u00e9 circule librement, o\u00f9 la communion est plus forte que l&rsquo;autorit\u00e9,<br>o\u00f9 le feu de l\u2019Esprit \u00e9claire sans dominer.<\/p>\n\n\n\n<p>Nous croyons :<\/p>\n\n\n\n<ul class=\"wp-block-list\">\n<li>Que l&rsquo;\u00c9glise v\u00e9ritable est <strong>l&rsquo;assembl\u00e9e des c\u0153urs unis dans le Christ<\/strong>,<br>et non une institution de pouvoir.<\/li>\n\n\n\n<li>Que <strong>nul homme n&rsquo;est ma\u00eetre<\/strong> sur son fr\u00e8re, car <strong>un seul est notre Ma\u00eetre : le Christ.<\/strong><\/li>\n\n\n\n<li>Que <strong>l&rsquo;alliance est vivante<\/strong> : elle se tisse \u00e0 travers le partage du pain, du sel, de la parole, et de la pri\u00e8re.<\/li>\n\n\n\n<li>Que <strong>le Royaume de Dieu<\/strong> n&rsquo;appartient pas aux puissances de ce monde, mais se construit en secret, comme un feu doux, dans l&rsquo;humilit\u00e9, la r\u00e9sistance et l&rsquo;amour.<\/li>\n<\/ul>\n\n\n\n<p><strong>Sunalizo<\/strong>, c\u2019est :<\/p>\n\n\n\n<ul class=\"wp-block-list\">\n<li>Un lieu de <strong>partage sacr\u00e9<\/strong>, sans hi\u00e9rarchies, sans domination.<\/li>\n\n\n\n<li>Une <strong>fraternit\u00e9 libre<\/strong>, fid\u00e8le \u00e0 la Parole, fid\u00e8le \u00e0 la croix du Christ.<\/li>\n\n\n\n<li>Une <strong>alliance silencieuse<\/strong>, mais br\u00fblante \u2014 pour vivre, servir, et t\u00e9moigner, sans c\u00e9der \u00e0 l&rsquo;orgueil des royaumes humains.<\/li>\n<\/ul>\n\n\n\n<p>Nous ne cherchons pas \u00e0 r\u00e9gner.<br>Nous ne cherchons pas \u00e0 convaincre par la force.<br>Nous voulons seulement <strong>partager le sel<\/strong> et <strong>marcher ensemble<\/strong>.<\/p>\n","protected":false},"excerpt":{"rendered":"<p>Sunalizo vient d\u2019un mot rare du Nouveau Testament (Actes 1:4), \u03c3\u03c5\u03bd\u03b1\u03bb\u03af\u03b6\u03c9 (sunal\u00edz\u014d), qui signifie \u00ab\u00a0\u00eatre ensemble dans le sel\u00a0\u00bb, \u00ab\u00a0partager le sel en commun\u00a0\u00bb. Dans les \u00c9critures, le sel n\u2019est jamais seulement un go\u00fbt :il est l\u2019alliance, la v\u00e9rit\u00e9 partag\u00e9e, la fid\u00e9lit\u00e9 et le feu vivant qui conserve la parole de Dieu \u00e0 travers les&#8230;<\/p>\n","protected":false},"author":2,"featured_media":0,"parent":0,"menu_order":0,"comment_status":"closed","ping_status":"closed","template":"","meta":{"_kadence_starter_templates_imported_post":false,"_kad_post_transparent":"","_kad_post_title":"","_kad_post_layout":"","_kad_post_sidebar_id":"","_kad_post_content_style":"","_kad_post_vertical_padding":"","_kad_post_feature":"","_kad_post_feature_position":"","_kad_post_header":false,"_kad_post_footer":false,"footnotes":""},"class_list":["post-10","page","type-page","status-publish","hentry"],"_links":{"self":[{"href":"https:\/\/sunalizo.fr\/index.php?rest_route=\/wp\/v2\/pages\/10","targetHints":{"allow":["GET"]}}],"collection":[{"href":"https:\/\/sunalizo.fr\/index.php?rest_route=\/wp\/v2\/pages"}],"about":[{"href":"https:\/\/sunalizo.fr\/index.php?rest_route=\/wp\/v2\/types\/page"}],"author":[{"embeddable":true,"href":"https:\/\/sunalizo.fr\/index.php?rest_route=\/wp\/v2\/users\/2"}],"replies":[{"embeddable":true,"href":"https:\/\/sunalizo.fr\/index.php?rest_route=%2Fwp%2Fv2%2Fcomments&post=10"}],"version-history":[{"count":2,"href":"https:\/\/sunalizo.fr\/index.php?rest_route=\/wp\/v2\/pages\/10\/revisions"}],"predecessor-version":[{"id":103,"href":"https:\/\/sunalizo.fr\/index.php?rest_route=\/wp\/v2\/pages\/10\/revisions\/103"}],"wp:attachment":[{"href":"https:\/\/sunalizo.fr\/index.php?rest_route=%2Fwp%2Fv2%2Fmedia&parent=10"}],"curies":[{"name":"wp","href":"https:\/\/api.w.org\/{rel}","templated":true}]}}